{"id":37,"date":"2017-10-19T07:41:25","date_gmt":"2017-10-19T07:41:25","guid":{"rendered":"http:\/\/livelifelikeanocean.de\/?page_id=37"},"modified":"2017-12-04T20:24:34","modified_gmt":"2017-12-04T20:24:34","slug":"about","status":"publish","type":"page","link":"https:\/\/livelifelikeanocean.de\/?page_id=37","title":{"rendered":"About"},"content":{"rendered":"<p>Sch\u00f6n, dass Du hier &#8222;gestrandet&#8220; bist !<\/p>\n<p>Ich bin Sandra und bin leidenschaftliche Seglerin, Surferin, Schwimmerin und passionierte Meerbegeisterte.<\/p>\n<p>F\u00fcr mich ist der Ozean ein Sinnbild f\u00fcr das Leben, eine Kraft- und Inspirationsquelle.<br \/>\nSo wie der Ozean mit seiner Sch\u00f6nheit, Einzigartigkeit und als Symbol f\u00fcr grenzenlose Freiheit, ist auch f\u00fcr mich das Leben in all seinen Aspekten und Facetten ein Wunder, welches einen einfach nur staunen l\u00e4sst.<\/p>\n<p>Wie das Meer mit seinen unerforschten Weiten und Tiefen, sowie in seiner Diversit\u00e4t, hat auch das Leben einen unersch\u00f6pflichen Pool an M\u00f6glichkeiten, Gedanken und Ausdrucksformen.<\/p>\n<p>Der Ozean ist mit seiner unglaublichen Kraft, mal st\u00fcrmisch und wild, mal ruhig und sanft, auch ein Lehrmeister, dass nicht alles im Leben vorhersagbar ist, dass es manchmal im Leben eine st\u00e4rkere Kraft gibt, Lebenssituationen, die einen herausfordern und mit denen man lernen muss umzugehen.<\/p>\n<p>Mit dieser Seite m\u00f6chte ich einen Versuch machen, ein wenig die unsagbare Sch\u00f6nheit und Grenzenlosigkeit sowohl des Meeres, als auch des Lebens, zu fassen und zu begreifen, wohl wissend das unsere Gedanken und Emotionen nur ein kleiner Tropfen im gro\u00dfen Ozean sind.<\/p>\n<p>Gleichzeitig hilft mir das Meer als ein Symbol f\u00fcr das Leben auch auf meiner Reise ein authentisches Leben zu f\u00fchren.<br \/>\nEs ist ein Versuch, eine Reise zu den H\u00f6hen und Tiefen des Lebens und des Meeres.<\/p>\n<p>Daher ist diese Seite sowohl dem Ozean als auch dem Leben gewidmet:<\/p>\n<p>\u201elive life like an ocean !\u201c<\/p>\n<p>Ich w\u00fcrde mich freuen, wenn ich Dich mit meinen Gedanken und Gef\u00fchlen inspirieren kann und wenn Du mich kontaktieren m\u00f6chtest, hinterlasse einen Kommentar oder schreibe eine email an:<\/p>\n<p><a href=\"mailto:mail@livelifelikeanocean.com\">mail@livelifelikeanocean.com<\/a><\/p>\n<p>oder besuche meine Seite:<\/p>\n<p><a href=\"http:\/\/www.livelifelikeanocean.com\">http:\/\/www.livelifelikeanocean.com<\/a><\/p>\n<p>&nbsp;<\/p>\n<p><img loading=\"lazy\" decoding=\"async\" class=\"alignnone size-medium wp-image-108\" src=\"http:\/\/livelifelikeanocean.de\/wp-content\/uploads\/2017\/12\/IMG_0857-225x300.jpg\" alt=\"\" width=\"225\" height=\"300\" srcset=\"https:\/\/livelifelikeanocean.de\/wp-content\/uploads\/2017\/12\/IMG_0857-225x300.jpg 225w, https:\/\/livelifelikeanocean.de\/wp-content\/uploads\/2017\/12\/IMG_0857-768x1024.jpg 768w\" sizes=\"auto, (max-width: 225px) 100vw, 225px\" \/><\/p>\n","protected":false},"excerpt":{"rendered":"<p>Sch\u00f6n, dass Du hier &#8222;gestrandet&#8220; bist ! Ich bin Sandra und bin leidenschaftliche Seglerin, Surferin, Schwimmerin und passionierte Meerbegeisterte. F\u00fcr mich ist der Ozean ein Sinnbild f\u00fcr das Leben, eine Kraft- und Inspirationsquelle. So wie der Ozean mit seiner Sch\u00f6nheit, Einzigartigkeit und als Symbol f\u00fcr grenzenlose Freiheit, ist auch f\u00fcr mich das Leben in all &hellip; <\/p>\n<p class=\"link-more\"><a href=\"https:\/\/livelifelikeanocean.de\/?page_id=37\" class=\"more-link\"><span class=\"screen-reader-text\">\u201eAbout\u201c <\/span>weiterlesen<\/a><\/p>\n","protected":false},"author":1,"featured_media":0,"parent":0,"menu_order":0,"comment_status":"closed","ping_status":"closed","template":"","meta":{"footnotes":""},"class_list":["post-37","page","type-page","status-publish","hentry"],"_links":{"self":[{"href":"https:\/\/livelifelikeanocean.de\/index.php?rest_route=\/wp\/v2\/pages\/37","targetHints":{"allow":["GET"]}}],"collection":[{"href":"https:\/\/livelifelikeanocean.de\/index.php?rest_route=\/wp\/v2\/pages"}],"about":[{"href":"https:\/\/livelifelikeanocean.de\/index.php?rest_route=\/wp\/v2\/types\/page"}],"author":[{"embeddable":true,"href":"https:\/\/livelifelikeanocean.de\/index.php?rest_route=\/wp\/v2\/users\/1"}],"replies":[{"embeddable":true,"href":"https:\/\/livelifelikeanocean.de\/index.php?rest_route=%2Fwp%2Fv2%2Fcomments&post=37"}],"version-history":[{"count":9,"href":"https:\/\/livelifelikeanocean.de\/index.php?rest_route=\/wp\/v2\/pages\/37\/revisions"}],"predecessor-version":[{"id":109,"href":"https:\/\/livelifelikeanocean.de\/index.php?rest_route=\/wp\/v2\/pages\/37\/revisions\/109"}],"wp:attachment":[{"href":"https:\/\/livelifelikeanocean.de\/index.php?rest_route=%2Fwp%2Fv2%2Fmedia&parent=37"}],"curies":[{"name":"wp","href":"https:\/\/api.w.org\/{rel}","templated":true}]}}