{"id":12,"date":"2017-10-18T14:06:36","date_gmt":"2017-10-18T14:06:36","guid":{"rendered":"http:\/\/livelifelikeanocean.de\/?page_id=12"},"modified":"2024-05-24T15:03:23","modified_gmt":"2024-05-24T15:03:23","slug":"impressum","status":"publish","type":"page","link":"https:\/\/livelifelikeanocean.de\/?page_id=12","title":{"rendered":"Impressum"},"content":{"rendered":"<div class=\"page\" title=\"Page 2\">\n<div class=\"section\">\n<div class=\"layoutArea\">\n<div class=\"column\">\n<p><strong>Impressum<\/strong><\/p>\n<p>Sandra Rohde<br \/>\nQuellsiek 5<br \/>\n49124 Georgsmarienhu\u0308tte<\/p>\n<p>Kontakt<\/p>\n<p>E-Mail: mail@livelifelikeanocean.com<\/p>\n<p>Redaktionell verantwortlich<\/p>\n<p>Sandra Rohde<br \/>\nQuellsiek 5<br \/>\n49124 Georgsmarienhu\u0308tte<\/p>\n<p>EU-Streitschlichtung<\/p>\n<p>Die Europa\u0308ische Kommission stellt eine Plattform zur Online-Streitbeilegung (OS) bereit: https:\/\/ec.europa.eu\/consumers\/odr\/.<br \/>\nUnsere E-Mail-Adresse finden Sie oben im Impressum.<\/p>\n<p>Verbraucherstreitbeilegung\/Universalschlichtungsstelle<\/p>\n<p>Wir sind nicht bereit oder verpflichtet, an Streitbeilegungsverfahren vor einer Verbraucherschlichtungsstelle teilzunehmen.<\/p>\n<p><b>Haftung f\u00fcr Links<\/b><\/p>\n<p>Unser Angebot enth\u00e4lt Links zu externen Webseiten Dritter, auf deren Inhalte wir keinen Einfluss haben.<br \/>\nDeshalb k\u00f6nnen wir f\u00fcr diese fremden Inhalte auch keine Gew\u00e4hr \u00fcbernehmen. F\u00fcr die Inhalte der<br \/>\nverlinkten Seiten ist stets der jeweilige Anbieter oder Betreiber der Seiten verantwortlich. Die verlinktenSeiten wurden zum Zeitpunkt der Verlinkung auf m\u00f6gliche Rechtsverst\u00f6\u00dfe \u00fcberpr\u00fcft. Rechtswidrige<br \/>\nInhalte waren zum Zeitpunkt der Verlinkung nicht erkennbar.<br \/>\nEine permanente inhaltliche Kontrolle der verlinkten Seiten ist jedoch ohne konkrete Anhaltspunkte einer<br \/>\nRechtsverletzung nicht zumutbar. Bei Bekanntwerden von Rechtsverletzungen werden wir derartige Links<br \/>\numgehend entfernen.<\/p>\n<p><b>Urheberrecht<\/b><\/p>\n<p>Die durch die Seitenbetreiber erstellten Inhalte und Werke auf diesen Seiten unterliegen dem deutschen Urheberrecht.<\/p>\n<p>Die Vervielf\u00e4ltigung, Bearbeitung, Verbreitung und jede Art der Verwertung au\u00dferhalb der Grenzen des Urheberrechtes bed\u00fcrfen der schriftlichen Zustimmung des jeweiligen Autors bzw. Erstellers. Downloads und Kopien dieser Seite sind nur f\u00fcr den privaten, nicht kommerziellen Gebrauch gestattet.<\/p>\n<p>Soweit die Inhalte auf dieser Seite nicht vom Betreiber erstellt wurden, werden die Urheberrechte Dritter beachtet. Insbesondere werden Inhalte Dritter als solche gekennzeichnet. Sollten Sie trotzdem auf ein Urheberrechtsverletzung aufmerksam werden, bitten wir um einen entsprechenden Hinweis. Bei Bekanntwerden von Rechtsverletzungen werden wir derartige Inhalte umgehend entfernen.<\/p>\n<\/div>\n<div class=\"page\" title=\"Page 2\">\n<div class=\"section\">\n<div class=\"layoutArea\">\n<div class=\"column\">\n<p>Quelle:<\/p>\n<p><a href=\"https:\/\/www.e-recht24.de\/impressum-generator.html\">https:\/\/www.e-recht24.de\/impressum-generator.html<\/a><\/p>\n<p>&nbsp;<\/p>\n<p><strong>Site Notice<\/strong><\/p>\n<p>Sandra Rohde<br \/>\nQuellsiek 5<br \/>\n49124 Georgsmarienhu\u0308tte<\/p>\n<p>Contact<\/p>\n<p>E-mail: mail@livelifelikeanocean.com<\/p>\n<p>Person responsible for editorial<\/p>\n<p>Sandra Rohde<br \/>\nQuellsiek 5<br \/>\n49124 Georgsmarienhu\u0308tte<\/p>\n<p>EU dispute resolution<\/p>\n<p>The European Commission provides a platform for online dispute resolution (ODR): https:\/\/ec.europa.eu\/consumers\/odr\/.<br \/>\nOur e-mail address can be found above in the site notice.<\/p>\n<p>Dispute resolution proceedings in front of a consumer arbitration board<\/p>\n<p>We are not willing or obliged to participate in dispute resolution proceedings in front of a consumer arbitration board.<\/p>\n<p><strong>Liability for Links<\/strong><\/p>\n<p>Our website contains links to external third-party websites, the contents of which we have no control over. Therefore, we cannot assume any liability for these external contents. The respective provider or operator of the linked sites is always responsible for the content of these sites. The linked sites were checked for possible legal violations at the time of linking. Illegal content was not recognizable at the time of linking. However, a permanent content control of the linked sites is not reasonable without concrete evidence of a violation of the law. Upon notification of legal violations, we will immediately remove such links.<\/p>\n<p><strong>Copyright<\/strong><\/p>\n<p>The contents and works created by the site operators on these pages are subject to German copyright law. The duplication, processing, distribution, and any kind of exploitation outside the limits of copyright require the written consent of the respective author or creator. Downloads and copies of this site are only permitted for private, non-commercial use. Insofar as the content on this site was not created by the operator, the copyrights of third parties are respected. In particular, third-party content is marked as such. Should you nonetheless become aware of a copyright infringement, please notify us accordingly. Upon notification of legal violations, we will immediately remove such content.<\/p>\n<\/div>\n<\/div>\n<\/div>\n<\/div>\n<div class=\"column\">\n<p>&nbsp;<\/p>\n<\/div>\n<\/div>\n<\/div>\n<\/div>\n","protected":false},"excerpt":{"rendered":"<p>Impressum Sandra Rohde Quellsiek 5 49124 Georgsmarienhu\u0308tte Kontakt E-Mail: mail@livelifelikeanocean.com Redaktionell verantwortlich Sandra Rohde Quellsiek 5 49124 Georgsmarienhu\u0308tte EU-Streitschlichtung Die Europa\u0308ische Kommission stellt eine Plattform zur Online-Streitbeilegung (OS) bereit: https:\/\/ec.europa.eu\/consumers\/odr\/. Unsere E-Mail-Adresse finden Sie oben im Impressum. Verbraucherstreitbeilegung\/Universalschlichtungsstelle Wir sind nicht bereit oder verpflichtet, an Streitbeilegungsverfahren vor einer Verbraucherschlichtungsstelle teilzunehmen. Haftung f\u00fcr Links Unser Angebot &hellip; <\/p>\n<p class=\"link-more\"><a href=\"https:\/\/livelifelikeanocean.de\/?page_id=12\" class=\"more-link\"><span class=\"screen-reader-text\">\u201eImpressum\u201c <\/span>weiterlesen<\/a><\/p>\n","protected":false},"author":1,"featured_media":0,"parent":0,"menu_order":0,"comment_status":"closed","ping_status":"closed","template":"","meta":{"footnotes":""},"class_list":["post-12","page","type-page","status-publish","hentry"],"_links":{"self":[{"href":"https:\/\/livelifelikeanocean.de\/index.php?rest_route=\/wp\/v2\/pages\/12","targetHints":{"allow":["GET"]}}],"collection":[{"href":"https:\/\/livelifelikeanocean.de\/index.php?rest_route=\/wp\/v2\/pages"}],"about":[{"href":"https:\/\/livelifelikeanocean.de\/index.php?rest_route=\/wp\/v2\/types\/page"}],"author":[{"embeddable":true,"href":"https:\/\/livelifelikeanocean.de\/index.php?rest_route=\/wp\/v2\/users\/1"}],"replies":[{"embeddable":true,"href":"https:\/\/livelifelikeanocean.de\/index.php?rest_route=%2Fwp%2Fv2%2Fcomments&post=12"}],"version-history":[{"count":5,"href":"https:\/\/livelifelikeanocean.de\/index.php?rest_route=\/wp\/v2\/pages\/12\/revisions"}],"predecessor-version":[{"id":253,"href":"https:\/\/livelifelikeanocean.de\/index.php?rest_route=\/wp\/v2\/pages\/12\/revisions\/253"}],"wp:attachment":[{"href":"https:\/\/livelifelikeanocean.de\/index.php?rest_route=%2Fwp%2Fv2%2Fmedia&parent=12"}],"curies":[{"name":"wp","href":"https:\/\/api.w.org\/{rel}","templated":true}]}}